{"id":34590,"date":"2024-05-26T19:18:55","date_gmt":"2024-05-26T19:18:55","guid":{"rendered":"http:\/\/xyz-oldtimer.de\/?page_id=34590"},"modified":"2026-03-30T07:23:54","modified_gmt":"2026-03-30T07:23:54","slug":"galeria-2","status":"publish","type":"page","link":"https:\/\/xyz-oldtimer.de\/pl\/galeria-2\/","title":{"rendered":"Galeria"},"content":{"rendered":"<div id=\"fws_69d3bbcad8539\"  data-column-margin=\"default\" data-midnight=\"light\" data-top-percent=\"6%\" data-bottom-percent=\"4%\"  class=\"wpb_row vc_row-fluid vc_row full-width-section parallax_section\"  style=\"padding-top: calc(100vw * 0.06); padding-bottom: calc(100vw * 0.04); \"><div class=\"row-bg-wrap\" data-bg-animation=\"none\" data-bg-overlay=\"true\"><div class=\"inner-wrap using-image\"><div class=\"row-bg using-image using-bg-color\" data-parallax-speed=\"fast\" style=\"background-image: url(https:\/\/xyz-oldtimer.de\/wp-content\/uploads\/2026\/01\/porsche-header.jpg); background-position: center center; background-repeat: no-repeat; background-color: #ffffff; \"><\/div><\/div><div class=\"row-bg-overlay\" style=\"background-color:#0a0a0a;  opacity: 0.8; \"><\/div><\/div><div class=\"row_col_wrap_12 col span_12 light left\">\n\t<div style=\"margin-top: 150px; \" class=\"vc_col-sm-12 wpb_column column_container vc_column_container col no-extra-padding inherit_tablet inherit_phone\"  data-padding-pos=\"all\" data-has-bg-color=\"false\" data-bg-color=\"\" data-bg-opacity=\"1\" data-animation=\"\" data-delay=\"0\" >\n\t\t<div class=\"vc_column-inner\" >\n\t\t\t<div class=\"wpb_wrapper\">\n\t\t\t\t<div id=\"fws_69d3bbcad9704\" data-midnight=\"\" data-column-margin=\"default\" class=\"wpb_row vc_row-fluid vc_row inner_row  vc_row-o-equal-height vc_row-flex vc_row-o-content-middle\"  style=\"\"><div class=\"row-bg-wrap\"> <div class=\"row-bg\" ><\/div> <\/div><div class=\"row_col_wrap_12_inner col span_12  left\">\n\t<div  class=\"vc_col-sm-6 vc_col-lg-6 vc_col-md-6 vc_col-xs-12 wpb_column column_container vc_column_container col child_column has-animation no-extra-padding inherit_tablet inherit_phone\"   data-padding-pos=\"all\" data-has-bg-color=\"false\" data-bg-color=\"\" data-bg-opacity=\"1\" data-animation=\"fade-in\" data-delay=\"0\">\n\t\t<div class=\"vc_column-inner\" >\n\t\t<div class=\"wpb_wrapper\">\n\t\t\t<div class=\"nectar-split-heading\" data-align=\"default\" data-m-align=\"inherit\" data-animation-type=\"default\" data-animation-delay=\"0\" data-m-rm-animation=\"\" data-stagger=\"\" data-custom-font-size=\"false\" ><div class=\"heading-line\" > <div><h1>Galeria<\/h1> <\/div> <\/div><\/div>\n\t\t<\/div> \n\t<\/div>\n\t<\/div> \n\n\t<div  class=\"vc_col-sm-3 vc_hidden-sm vc_hidden-xs wpb_column column_container vc_column_container col child_column no-extra-padding inherit_tablet inherit_phone\"   data-padding-pos=\"all\" data-has-bg-color=\"false\" data-bg-color=\"\" data-bg-opacity=\"1\" data-animation=\"\" data-delay=\"0\">\n\t\t<div class=\"vc_column-inner\" >\n\t\t<div class=\"wpb_wrapper\">\n\t\t\t\n\t\t<\/div> \n\t<\/div>\n\t<\/div> \n\n\t<div  class=\"vc_col-sm-3 vc_col-xs-12 wpb_column column_container vc_column_container col child_column has-animation padding-6-percent inherit_tablet inherit_phone\"   data-padding-pos=\"bottom\" data-has-bg-color=\"false\" data-bg-color=\"\" data-bg-opacity=\"1\" data-animation=\"fade-in-from-bottom\" data-delay=\"0\">\n\t\t<div class=\"vc_column-inner\" >\n\t\t<div class=\"wpb_wrapper\">\n\t\t\t\n\t\t<\/div> \n\t<\/div>\n\t<\/div> \n<\/div><\/div>\n\t\t\t<\/div> \n\t\t<\/div>\n\t<\/div> \n<\/div><\/div>\n\t\t<div id=\"fws_69d3bbcad9dd2\"  data-column-margin=\"default\" data-midnight=\"dark\" data-top-percent=\"5%\" data-bottom-percent=\"5%\"  class=\"wpb_row vc_row-fluid vc_row\"  style=\"padding-top: calc(100vw * 0.05); padding-bottom: calc(100vw * 0.05); \"><div class=\"row-bg-wrap\" data-bg-animation=\"none\" data-bg-overlay=\"false\"><div class=\"inner-wrap\"><div class=\"row-bg\"  style=\"\"><\/div><\/div><\/div><div class=\"row_col_wrap_12 col span_12 dark left\">\n\t<div  class=\"vc_col-sm-12 wpb_column column_container vc_column_container col no-extra-padding inherit_tablet inherit_phone\"  data-padding-pos=\"all\" data-has-bg-color=\"false\" data-bg-color=\"\" data-bg-opacity=\"1\" data-animation=\"\" data-delay=\"0\" >\n\t\t<div class=\"vc_column-inner\" >\n\t\t\t<div class=\"wpb_wrapper\">\n\t\t\t\t\n<div class=\"wpb_text_column wpb_content_element\" >\n\t<div class=\"wpb_wrapper\">\n\t\t<p>Pracujemy nad now\u0105 ods\u0142on\u0105 galerii, aby prezentowa\u0142a nasze realizacje jeszcze lepiej. Wkr\u00f3tce wracamy z od\u015bwie\u017con\u0105 wersj\u0105.<\/p>\n\t<\/div>\n<\/div>\n\n\n\n\n\t\t\t<\/div> \n\t\t<\/div>\n\t<\/div> \n<\/div><\/div>","protected":false},"excerpt":{"rendered":"Galerie Unsere Galerie wird derzeit f\u00fcr Sie modernisiert, damit wir unsere Projekte noch ansprechender pr\u00e4sentieren...","protected":false},"author":1,"featured_media":0,"parent":0,"menu_order":0,"comment_status":"closed","ping_status":"closed","template":"","meta":{"inline_featured_image":false,"footnotes":""},"class_list":["post-34590","page","type-page","status-publish"],"acf":[],"yoast_head":"<!-- This site is optimized with the Yoast SEO plugin v27.2 - https:\/\/yoast.com\/product\/yoast-seo-wordpress\/ -->\n<title>XYZ-Oldtimer.de | Galeria remont\u00f3<\/title>\n<meta name=\"description\" content=\"Nasza galeria na KaeferFabric.com liczy oko\u0142o 35,000 zdj\u0119\u0107 i jestem pewien, \u017ce wkr\u00f3tce do\u0142\u0105cz\u0105 do niej fotografie pi\u0119knych i interesuj\u0105cych projekt\u00f3w.\" \/>\n<meta name=\"robots\" content=\"index, follow, max-snippet:-1, max-image-preview:large, max-video-preview:-1\" \/>\n<link rel=\"canonical\" href=\"https:\/\/xyz-oldtimer.de\/pl\/galeria-2\/\" \/>\n<meta property=\"og:locale\" content=\"pl_PL\" \/>\n<meta property=\"og:type\" content=\"article\" \/>\n<meta property=\"og:title\" content=\"XYZ-Oldtimer.de | Galeria remont\u00f3\" \/>\n<meta property=\"og:description\" content=\"Nasza galeria na KaeferFabric.com liczy oko\u0142o 35,000 zdj\u0119\u0107 i jestem pewien, \u017ce wkr\u00f3tce do\u0142\u0105cz\u0105 do niej fotografie pi\u0119knych i interesuj\u0105cych projekt\u00f3w.\" \/>\n<meta property=\"og:url\" content=\"https:\/\/xyz-oldtimer.de\/pl\/galeria-2\/\" \/>\n<meta property=\"og:site_name\" content=\"XYZ Oldtimer\" \/>\n<meta property=\"article:modified_time\" content=\"2026-03-30T07:23:54+00:00\" \/>\n<meta name=\"twitter:card\" content=\"summary_large_image\" \/>\n<meta name=\"twitter:label1\" content=\"Szacowany czas czytania\" \/>\n\t<meta name=\"twitter:data1\" content=\"2 minuty\" \/>\n<script type=\"application\/ld+json\" class=\"yoast-schema-graph\">{\"@context\":\"https:\/\/schema.org\",\"@graph\":[{\"@type\":\"WebPage\",\"@id\":\"https:\/\/xyz-oldtimer.de\/galerie-2\/\",\"url\":\"https:\/\/xyz-oldtimer.de\/galerie-2\/\",\"name\":\"XYZ-Oldtimer.de | Galeria remont\u00f3\",\"isPartOf\":{\"@id\":\"https:\/\/xyz-oldtimer.de\/#website\"},\"datePublished\":\"2024-05-26T19:18:55+00:00\",\"dateModified\":\"2026-03-30T07:23:54+00:00\",\"description\":\"Nasza galeria na KaeferFabric.com liczy oko\u0142o 35,000 zdj\u0119\u0107 i jestem pewien, \u017ce wkr\u00f3tce do\u0142\u0105cz\u0105 do niej fotografie pi\u0119knych i interesuj\u0105cych projekt\u00f3w.\",\"breadcrumb\":{\"@id\":\"https:\/\/xyz-oldtimer.de\/galerie-2\/#breadcrumb\"},\"inLanguage\":\"pl-PL\",\"potentialAction\":[{\"@type\":\"ReadAction\",\"target\":[\"https:\/\/xyz-oldtimer.de\/galerie-2\/\"]}]},{\"@type\":\"BreadcrumbList\",\"@id\":\"https:\/\/xyz-oldtimer.de\/galerie-2\/#breadcrumb\",\"itemListElement\":[{\"@type\":\"ListItem\",\"position\":1,\"name\":\"Strona g\u0142\u00f3wna\",\"item\":\"https:\/\/xyz-oldtimer.de\/\"},{\"@type\":\"ListItem\",\"position\":2,\"name\":\"Galerie\"}]},{\"@type\":\"WebSite\",\"@id\":\"https:\/\/xyz-oldtimer.de\/#website\",\"url\":\"https:\/\/xyz-oldtimer.de\/\",\"name\":\"XYZ-Oldtimer.de\",\"description\":\"Ka\u017cdy remont doprowadzimy do ko\u0144ca.\",\"potentialAction\":[{\"@type\":\"SearchAction\",\"target\":{\"@type\":\"EntryPoint\",\"urlTemplate\":\"https:\/\/xyz-oldtimer.de\/?s={search_term_string}\"},\"query-input\":{\"@type\":\"PropertyValueSpecification\",\"valueRequired\":true,\"valueName\":\"search_term_string\"}}],\"inLanguage\":\"pl-PL\"}]}<\/script>\n<!-- \/ Yoast SEO plugin. -->","yoast_head_json":{"title":"XYZ-Oldtimer.de | Galeria remont\u00f3","description":"Nasza galeria na KaeferFabric.com liczy oko\u0142o 35 000 zdj\u0119\u0107 i jestem pewien, \u017ce wkr\u00f3tce do\u0142\u0105cz\u0105 do niej fotografie pi\u0119knych i interesuj\u0105cych projekt\u00f3w.","robots":{"index":"index","follow":"follow","max-snippet":"max-snippet:-1","max-image-preview":"max-image-preview:large","max-video-preview":"max-video-preview:-1"},"canonical":"https:\/\/xyz-oldtimer.de\/pl\/galeria-2\/","og_locale":"pl_PL","og_type":"article","og_title":"XYZ-Oldtimer.de | Galeria remont\u00f3","og_description":"Nasza galeria na KaeferFabric.com liczy oko\u0142o 35,000 zdj\u0119\u0107 i jestem pewien, \u017ce wkr\u00f3tce do\u0142\u0105cz\u0105 do niej fotografie pi\u0119knych i interesuj\u0105cych projekt\u00f3w.","og_url":"https:\/\/xyz-oldtimer.de\/pl\/galeria-2\/","og_site_name":"XYZ Oldtimer","article_modified_time":"2026-03-30T07:23:54+00:00","twitter_card":"summary_large_image","twitter_misc":{"Szacowany czas czytania":"2 minuty"},"schema":{"@context":"https:\/\/schema.org","@graph":[{"@type":"WebPage","@id":"https:\/\/xyz-oldtimer.de\/galerie-2\/","url":"https:\/\/xyz-oldtimer.de\/galerie-2\/","name":"XYZ-Oldtimer.de | Galeria remont\u00f3","isPartOf":{"@id":"https:\/\/xyz-oldtimer.de\/#website"},"datePublished":"2024-05-26T19:18:55+00:00","dateModified":"2026-03-30T07:23:54+00:00","description":"Nasza galeria na KaeferFabric.com liczy oko\u0142o 35 000 zdj\u0119\u0107 i jestem pewien, \u017ce wkr\u00f3tce do\u0142\u0105cz\u0105 do niej fotografie pi\u0119knych i interesuj\u0105cych projekt\u00f3w.","breadcrumb":{"@id":"https:\/\/xyz-oldtimer.de\/galerie-2\/#breadcrumb"},"inLanguage":"pl-PL","potentialAction":[{"@type":"ReadAction","target":["https:\/\/xyz-oldtimer.de\/galerie-2\/"]}]},{"@type":"BreadcrumbList","@id":"https:\/\/xyz-oldtimer.de\/galerie-2\/#breadcrumb","itemListElement":[{"@type":"ListItem","position":1,"name":"Strona g\u0142\u00f3wna","item":"https:\/\/xyz-oldtimer.de\/"},{"@type":"ListItem","position":2,"name":"Galerie"}]},{"@type":"WebSite","@id":"https:\/\/xyz-oldtimer.de\/#website","url":"https:\/\/xyz-oldtimer.de\/","name":"XYZ-Oldtimer.de","description":"Ka\u017cdy remont doprowadzimy do ko\u0144ca.","potentialAction":[{"@type":"SearchAction","target":{"@type":"EntryPoint","urlTemplate":"https:\/\/xyz-oldtimer.de\/?s={search_term_string}"},"query-input":{"@type":"PropertyValueSpecification","valueRequired":true,"valueName":"search_term_string"}}],"inLanguage":"pl-PL"}]}},"_links":{"self":[{"href":"https:\/\/xyz-oldtimer.de\/pl\/wp-json\/wp\/v2\/pages\/34590","targetHints":{"allow":["GET"]}}],"collection":[{"href":"https:\/\/xyz-oldtimer.de\/pl\/wp-json\/wp\/v2\/pages"}],"about":[{"href":"https:\/\/xyz-oldtimer.de\/pl\/wp-json\/wp\/v2\/types\/page"}],"author":[{"embeddable":true,"href":"https:\/\/xyz-oldtimer.de\/pl\/wp-json\/wp\/v2\/users\/1"}],"replies":[{"embeddable":true,"href":"https:\/\/xyz-oldtimer.de\/pl\/wp-json\/wp\/v2\/comments?post=34590"}],"version-history":[{"count":101,"href":"https:\/\/xyz-oldtimer.de\/pl\/wp-json\/wp\/v2\/pages\/34590\/revisions"}],"predecessor-version":[{"id":37492,"href":"https:\/\/xyz-oldtimer.de\/pl\/wp-json\/wp\/v2\/pages\/34590\/revisions\/37492"}],"wp:attachment":[{"href":"https:\/\/xyz-oldtimer.de\/pl\/wp-json\/wp\/v2\/media?parent=34590"}],"curies":[{"name":"wp","href":"https:\/\/api.w.org\/{rel}","templated":true}]}}