{"id":34566,"date":"2024-05-05T18:33:57","date_gmt":"2024-05-05T18:33:57","guid":{"rendered":"http:\/\/xyz-oldtimer.de\/?page_id=34566"},"modified":"2024-05-05T18:34:23","modified_gmt":"2024-05-05T18:34:23","slug":"polityka-prywatnosci","status":"publish","type":"page","link":"https:\/\/xyz-oldtimer.de\/pl\/polityka-prywatnosci\/","title":{"rendered":"Polityka prywatno\u015bci"},"content":{"rendered":"<p>Niniejsza Polityka prywatno\u015bci opisuje zasady przetwarzania przez nas informacji o u\u017cytkownikach, w tym danych osobowych i plik\u00f3w cookie.<\/p>\n<p>&nbsp;<\/p>\n<p>Informacje og\u00f3lne<\/p>\n<p>Niniejsza polityka dotyczy strony internetowej obs\u0142ugiwanej pod adresem URL: kaeferfabric.com.<\/p>\n<p>Operatorem strony internetowej i administratorem danych jest: Bartosz Konieczny, ul. Rzemie\u015blnicza 7, 55-114 Szewce, POLSKA<\/p>\n<p>Kontaktowy adres e-mail operatora: deutsch@xyz-oldtimer.de\/new<\/p>\n<p>Operator jest administratorem danych osobowych u\u017cytkownika w odniesieniu do danych, kt\u00f3re u\u017cytkownik dobrowolnie poda\u0142 na stronie internetowej.<\/p>\n<p>Witryna wykorzystuje dane osobowe do nast\u0119puj\u0105cych cel\u00f3w:<\/p>\n<p>Przetwarzanie zapyta\u0144 za po\u015brednictwem formularza<\/p>\n<p>Prezentacja oferty lub informacji<\/p>\n<p>Witryna gromadzi informacje o u\u017cytkownikach i ich zachowaniu w nast\u0119puj\u0105cy spos\u00f3b:<\/p>\n<p>Dane wprowadzane dobrowolnie w formularzach wprowadzanych do system\u00f3w operatora.<\/p>\n<p>Poprzez przechowywanie plik\u00f3w cookies na urz\u0105dzeniach ko\u0144cowych (tzw. \u201eciasteczka\u201c).<\/p>\n<p>&nbsp;<\/p>\n<p>Wybrane metody ochrony danych stosowane przez operatora<\/p>\n<p>Obszary logowania i wprowadzania danych s\u0105 chronione przez zabezpieczenia transmisji (certyfikat SSL). Oznacza to, \u017ce dane osobowe i dane logowania wprowadzone na stronie internetowej s\u0105 szyfrowane na komputerze u\u017cytkownika i mog\u0105 by\u0107 odczytane tylko na serwerze docelowym.<\/p>\n<p>Operator regularnie zmienia swoje has\u0142a administracyjne.<\/p>\n<p>Operator regularnie tworzy kopie zapasowe w celu ochrony danych.<\/p>\n<p>Wa\u017cnym aspektem ochrony danych jest regularna aktualizacja ca\u0142ego oprogramowania wykorzystywanego przez operatora do przetwarzania danych osobowych, w szczeg\u00f3lno\u015bci regularna aktualizacja komponent\u00f3w oprogramowania.<\/p>\n<p>Hosting<\/p>\n<p>Strona jest technicznie hostowana na serwerach cyberFolks.pl.<\/p>\n<p>Firma hostingowa przechowuje pliki dziennika serwera w celu zapewnienia niezawodno\u015bci technicznej. Rejestrowane mog\u0105 by\u0107 nast\u0119puj\u0105ce dane:<\/p>\n<p>Zasoby identyfikowane przez URL (adresy \u017c\u0105danych zasob\u00f3w - stron, plik\u00f3w),<\/p>\n<p>Czas zapytania,<\/p>\n<p>Czas reakcji,<\/p>\n<p>Nazwa stacji klienta - identyfikacja realizowana przez protok\u00f3\u0142 HTTP,<\/p>\n<p>Informacje o b\u0142\u0119dach, kt\u00f3re wyst\u0105pi\u0142y podczas transakcji HTTP,<\/p>\n<p>Adres URL strony poprzednio odwiedzanej przez u\u017cytkownika (link odsy\u0142aj\u0105cy) - je\u015bli dost\u0119p do witryny uzyskano za po\u015brednictwem linku,<\/p>\n<p>Informacje o przegl\u0105darce u\u017cytkownika,<\/p>\n<p>Adres IP,<\/p>\n<p>Informacje diagnostyczne w zwi\u0105zku z procesem samodzielnego zamawiania us\u0142ug za po\u015brednictwem witryny,<\/p>\n<p>Informacje zwi\u0105zane z obs\u0142ug\u0105 wiadomo\u015bci e-mail wysy\u0142anych do i od operatora.<\/p>\n<p>Prawa u\u017cytkownika i dodatkowe informacje na temat wykorzystywania danych<\/p>\n<p>W niekt\u00f3rych sytuacjach Administrator ma prawo ujawni\u0107 Twoje dane osobowe innym odbiorcom, je\u015bli b\u0119dzie to niezb\u0119dne do wykonania zawartej z Tob\u0105 umowy lub do wype\u0142nienia obowi\u0105zk\u00f3w prawnych ci\u0105\u017c\u0105cych na Administratorze. Dotyczy to nast\u0119puj\u0105cych grup odbiorc\u00f3w:<\/p>\n<p>Osoby, pracownicy i wsp\u00f3\u0142pracownicy upowa\u017cnieni przez nas, kt\u00f3rzy potrzebuj\u0105 dost\u0119pu do danych osobowych w celu wykonywania swoich obowi\u0105zk\u00f3w,<\/p>\n<p>Firma hostingowa,<\/p>\n<p>Firma \u015bwiadcz\u0105ca us\u0142ugi mailingowe,<\/p>\n<p>Firma obs\u0142uguj\u0105ca us\u0142ugi przesy\u0142ania wiadomo\u015bci SMS,<\/p>\n<p>Sp\u00f3\u0142ki, z kt\u00f3rymi administrator wsp\u00f3\u0142pracuje w zakresie marketingu w\u0142asnego,<\/p>\n<p>Kurierzy,<\/p>\n<p>Ubezpieczenia,<\/p>\n<p>Agencje prawne i windykacyjne,<\/p>\n<p>Banki,<\/p>\n<p>Operatorzy p\u0142atno\u015bci,<\/p>\n<p>w\u0142adze publiczne.<\/p>\n<p>Pani\/Pana dane osobowe nie b\u0119d\u0105 przetwarzane przez administratora d\u0142u\u017cej ni\u017c jest to niezb\u0119dne do wykonania zwi\u0105zanych z nimi czynno\u015bci zgodnie z odr\u0119bnymi przepisami (np. ksi\u0119gowych). W zakresie danych marketingowych dane nie b\u0119d\u0105 przetwarzane d\u0142u\u017cej ni\u017c przez okres trzech lat.<\/p>\n<p>U\u017cytkownik ma prawo za\u017c\u0105da\u0107 od administratora:<\/p>\n<p>Dost\u0119p do danych osobowych u\u017cytkownika,<\/p>\n<p>Korekta,<\/p>\n<p>Anulowanie,<\/p>\n<p>Ograniczenie przetwarzania,<\/p>\n<p>i transmisji danych.<\/p>\n<p>&nbsp;<\/p>\n<p>U\u017cytkownik ma prawo wnie\u015b\u0107 sprzeciw wobec przetwarzania jego danych osobowych w celach okre\u015blonych w punkcie 3.2, w tym profilowania, przy czym prawo sprzeciwu nie b\u0119dzie mog\u0142o by\u0107 wykonane w przypadku istnienia wa\u017cnych prawnie uzasadnionych podstaw do przetwarzania, nadrz\u0119dnych wobec interes\u00f3w, praw i wolno\u015bci u\u017cytkownika, w szczeg\u00f3lno\u015bci w celu ustalenia, dochodzenia lub obrony roszcze\u0144.<\/p>\n<p>Mo\u017cesz wnie\u015b\u0107 skarg\u0119 na dzia\u0142ania Administratora do Prezesa Urz\u0119du Ochrony Danych Osobowych, ul. Stawki 2, 00-193 Warszawa.<\/p>\n<p>Podanie danych osobowych jest dobrowolne, ale niezb\u0119dne do korzystania ze strony internetowej.<\/p>\n<p>&nbsp;<\/p>\n<p>W stosunku do Pani\/Pana mog\u0105 by\u0107 podejmowane zautomatyzowane decyzje, w tym profilowanie, w celu \u015bwiadczenia us\u0142ug w ramach zawartej umowy oraz w celu prowadzenia przez Administratora marketingu bezpo\u015bredniego.<\/p>\n<p>Dane osobowe nie s\u0105 przekazywane do pa\u0144stw trzecich w rozumieniu przepis\u00f3w o ochronie danych osobowych. Oznacza to, \u017ce nie przekazujemy ich poza Uni\u0119 Europejsk\u0105.<\/p>\n<p>&nbsp;<\/p>\n<p>Informacje w formularzach<\/p>\n<p>Witryna gromadzi informacje dobrowolnie podane przez u\u017cytkownika, w tym dane osobowe, je\u015bli zosta\u0142y podane.<\/p>\n<p>Witryna mo\u017ce przechowywa\u0107 informacje o parametrach po\u0142\u0105czenia (znacznik czasu, adres IP).<\/p>\n<p>W niekt\u00f3rych przypadkach strona internetowa mo\u017ce przechowywa\u0107 informacje, kt\u00f3re u\u0142atwiaj\u0105 powi\u0105zanie danych w formularzu z adresem e-mail u\u017cytkownika, kt\u00f3ry wype\u0142nia formularz. W takim przypadku adres e-mail u\u017cytkownika pojawia si\u0119 w adresie URL strony zawieraj\u0105cej formularz.<\/p>\n<p>Dane podane w formularzu s\u0105 przetwarzane w celu wynikaj\u0105cym z funkcji konkretnego formularza, np w celu dokonania procesu obs\u0142ugi zg\u0142oszenia serwisowego lub kontaktu handlowego, rejestracji us\u0142ug itp. Ka\u017cdorazowo kontekst i opis formularza w zrozumia\u0142y spos\u00f3b informuje, do czego on s\u0142u\u017cy.<\/p>\n<p>Dzienniki administratora<\/p>\n<p>Informacje o zachowaniu u\u017cytkownika na stronie internetowej mog\u0105 by\u0107 rejestrowane. Dane te s\u0105 wykorzystywane do administrowania stron\u0105 internetow\u0105.<\/p>\n<p>Podstawowe techniki marketingowe<\/p>\n<p>Operator korzysta z analizy statystycznej ruchu na stronie internetowej przez Google Analytics (Google Inc., USA). Operator nie przekazuje temu us\u0142ugodawcy \u017cadnych danych osobowych, a jedynie zanonimizowane informacje. Us\u0142uga opiera si\u0119 na wykorzystaniu plik\u00f3w cookies na urz\u0105dzeniu ko\u0144cowym u\u017cytkownika. W zakresie informacji o preferencjach u\u017cytkownika gromadzonych przez sie\u0107 reklamow\u0105 Google u\u017cytkownik mo\u017ce przegl\u0105da\u0107 i edytowa\u0107 informacje wynikaj\u0105ce z plik\u00f3w cookies przy pomocy narz\u0119dzia: https:\/\/www.google.com\/ads\/preferences\/<\/p>\n<p>Operator korzysta z technik remarketingu, kt\u00f3re umo\u017cliwiaj\u0105 dostosowanie komunikat\u00f3w reklamowych do zachowania u\u017cytkownika na stronie, co mo\u017ce sprawia\u0107 wra\u017cenie, \u017ce dane osobowe u\u017cytkownika s\u0105 wykorzystywane do \u015bledzenia, chocia\u017c w praktyce \u017cadne dane osobowe nie s\u0105 przekazywane przez operatora do operator\u00f3w reklamowych. Warunkiem technicznym takich dzia\u0142a\u0144 jest aktywowana obs\u0142uga plik\u00f3w cookie.<\/p>\n<p>Operator korzysta z piksela Facebooka. Technologia ta oznacza, \u017ce serwis Facebook (Facebook Inc., USA) wie, \u017ce zarejestrowana w nim osoba korzysta ze strony internetowej. W tym przypadku opiera si\u0119 to na danych, kt\u00f3rych administratorem jest sam Facebook, operator nie przekazuje \u017cadnych dodatkowych danych osobowych do serwisu Facebook. Us\u0142uga opiera si\u0119 na wykorzystaniu plik\u00f3w cookies na urz\u0105dzeniu ko\u0144cowym u\u017cytkownika.<\/p>\n<p>Operator korzysta z rozwi\u0105zania, kt\u00f3re analizuje zachowanie u\u017cytkownik\u00f3w, tworz\u0105c mapy cieplne i rejestruj\u0105c zachowanie na stronie. Informacje te s\u0105 anonimizowane przed wys\u0142aniem ich do us\u0142ugodawcy, aby ten nie wiedzia\u0142, do kt\u00f3rej osoby fizycznej si\u0119 odnosz\u0105. W szczeg\u00f3lno\u015bci wprowadzane has\u0142a i inne dane osobowe nie s\u0105 rejestrowane.<\/p>\n<p>Informacje o plikach cookie<\/p>\n<p>Strona korzysta z plik\u00f3w cookies.<\/p>\n<p>Pliki cookies (tzw. \u201eciasteczka\u201c) stanowi\u0105 dane informatyczne, w szczeg\u00f3lno\u015bci pliki tekstowe, kt\u00f3re przechowywane s\u0105 w urz\u0105dzeniu ko\u0144cowym u\u017cytkownika serwisu i przeznaczone s\u0105 do korzystania ze stron internetowych serwisu. Cookies zazwyczaj zawieraj\u0105 nazw\u0119 strony internetowej, z kt\u00f3rej pochodz\u0105, czas przechowywania ich na urz\u0105dzeniu ko\u0144cowym oraz unikalny numer.<\/p>\n<p>Podmiotem zamieszczaj\u0105cym na urz\u0105dzeniu ko\u0144cowym U\u017cytkownika Serwisu pliki cookies oraz uzyskuj\u0105cym do nich dost\u0119p jest operator Serwisu.<\/p>\n<p>Pliki cookie s\u0105 wykorzystywane do nast\u0119puj\u0105cych cel\u00f3w:<\/p>\n<p>Utrzymanie sesji u\u017cytkownika witryny (po zalogowaniu), dzi\u0119ki czemu u\u017cytkownik nie musi ponownie wprowadza\u0107 nazwy u\u017cytkownika i has\u0142a na ka\u017cdej podstronie witryny;<\/p>\n<p>Osi\u0105gni\u0119cie cel\u00f3w wymienionych powy\u017cej w sekcji \u201eKluczowe techniki marketingowe\u201c;<\/p>\n<p>W ramach serwisu stosowane s\u0105 dwa zasadnicze rodzaje plik\u00f3w cookies: \u201esesyjne\u201c (session cookies) oraz \u201esta\u0142e\u201c (persistent cookies). Cookies \u201esesyjne\u201c s\u0105 plikami tymczasowymi, kt\u00f3re przechowywane s\u0105 w urz\u0105dzeniu ko\u0144cowym U\u017cytkownika do czasu wylogowania, opuszczenia strony internetowej lub wy\u0142\u0105czenia oprogramowania (przegl\u0105darki internetowej). \u201eSta\u0142e\u201c pliki cookies przechowywane s\u0105 w urz\u0105dzeniu ko\u0144cowym U\u017cytkownika przez czas okre\u015blony w parametrach plik\u00f3w cookies lub do czasu ich usuni\u0119cia przez U\u017cytkownika.<\/p>\n<p>Oprogramowanie do przegl\u0105dania stron internetowych (przegl\u0105darka internetowa) domy\u015blnie dopuszcza przechowywanie plik\u00f3w cookies w urz\u0105dzeniu ko\u0144cowym U\u017cytkownika. U\u017cytkownicy serwisu mog\u0105 dokona\u0107 zmiany ustawie\u0144 w tym zakresie. Przegl\u0105darka internetowa umo\u017cliwia usuni\u0119cie plik\u00f3w cookies. Mo\u017cliwe jest tak\u017ce automatyczne blokowanie plik\u00f3w cookies. Szczeg\u00f3\u0142owe informacje na ten temat zawiera pomoc lub dokumentacja przegl\u0105darki internetowej.<\/p>\n<p>Ograniczenia stosowania plik\u00f3w cookies mog\u0105 wp\u0142yn\u0105\u0107 na niekt\u00f3re funkcjonalno\u015bci dost\u0119pne na stronach internetowych serwisu.<\/p>\n<p>Pliki cookies zamieszczane w urz\u0105dzeniu ko\u0144cowym U\u017cytkownika Serwisu i wykorzystywane mog\u0105 by\u0107 r\u00f3wnie\u017c przez wsp\u00f3\u0142pracuj\u0105cych z operatorem Serwisu reklamodawc\u00f3w, w szczeg\u00f3lno\u015bci dotyczy to firm: Google (Google Inc., USA), Facebook (Facebook Inc., USA), Twitter (Twitter Inc., USA).<\/p>\n<p>Zarz\u0105dzanie plikami cookies - jak praktycznie udziela\u0107 i odwo\u0142ywa\u0107 zgody?<\/p>\n<p>Je\u015bli u\u017cytkownik nie chce otrzymywa\u0107 plik\u00f3w cookies, mo\u017ce zmieni\u0107 ustawienia przegl\u0105darki. Zastrzegamy, \u017ce wy\u0142\u0105czenie obs\u0142ugi plik\u00f3w cookies niezb\u0119dnych dla proces\u00f3w uwierzytelniania, bezpiecze\u0144stwa, utrzymania preferencji u\u017cytkownika mo\u017ce utrudni\u0107, a w skrajnych przypadkach mo\u017ce uniemo\u017cliwi\u0107 korzystanie ze stron www.<\/p>\n<p>Aby zarz\u0105dza\u0107 ustawieniami plik\u00f3w cookie, wybierz z listy poni\u017cej przegl\u0105dark\u0119 internetow\u0105, kt\u00f3rej u\u017cywasz i post\u0119puj zgodnie z instrukcjami:<\/p>\n<p>Kraw\u0119d\u017a<\/p>\n<p>Internet Explorer<\/p>\n<p>Chrom<\/p>\n<p>Safari<\/p>\n<p>Firefox<\/p>\n<p>Opera<\/p>\n<p>Urz\u0105dzenia mobilne:<\/p>\n<p>Android<\/p>\n<p>Safari (iOS)<\/p>\n<p>Windows Phone<\/p>\n<p>Niniejsza przyk\u0142adowa polityka prywatno\u015bci zosta\u0142a przygotowana bezp\u0142atnie w celach informacyjnych, w oparciu o nasz\u0105 wiedz\u0119, praktyki bran\u017cowe i przepisy obowi\u0105zuj\u0105ce w dniu 14 sierpnia 2018 r. Zalecamy zapoznanie si\u0119 z przyk\u0142adow\u0105 polityk\u0105 prywatno\u015bci przed jej wykorzystaniem na stronie internetowej. Szablon opiera si\u0119 na najcz\u0119\u015bciej spotykanych sytuacjach na stronach internetowych, ale mo\u017ce nie odzwierciedla\u0107 pe\u0142nej i dok\u0142adnej specyfikacji witryny. Prosimy o uwa\u017cne zapoznanie si\u0119 z wygenerowanym dokumentem i w razie potrzeby dostosowanie go do swojej sytuacji lub zasi\u0119gni\u0119cie porady prawnej. Nie ponosimy \u017cadnej odpowiedzialno\u015bci za konsekwencje korzystania z tego dokumentu, poniewa\u017c tylko Ty jeste\u015b odpowiedzialny za zapewnienie, \u017ce wszystkie zawarte w nim informacje s\u0105 prawdziwe. Nale\u017cy r\u00f3wnie\u017c pami\u0119ta\u0107, \u017ce polityka prywatno\u015bci, nawet najlepsza, jest tylko jednym z element\u00f3w dba\u0142o\u015bci o ochron\u0119 danych i prywatno\u015bci u\u017cytkownik\u00f3w na stronie internetowej.<\/p>","protected":false},"excerpt":{"rendered":"<p>Diese Datenschutzrichtlinie beschreibt die Grunds\u00e4tze der Verarbeitung Ihrer Informationen durch uns, einschlie\u00dflich personenbezogener Daten und&#8230;<\/p>","protected":false},"author":1,"featured_media":0,"parent":0,"menu_order":0,"comment_status":"closed","ping_status":"open","template":"","meta":{"inline_featured_image":false,"footnotes":""},"class_list":["post-34566","page","type-page","status-publish"],"acf":[],"yoast_head":"<!-- This site is optimized with the Yoast SEO plugin v27.2 - https:\/\/yoast.com\/product\/yoast-seo-wordpress\/ -->\n<title>XYZ-Oldtimer.de | Datenschutzrichtlinie<\/title>\n<meta name=\"robots\" content=\"index, follow, max-snippet:-1, max-image-preview:large, max-video-preview:-1\" \/>\n<link rel=\"canonical\" href=\"https:\/\/xyz-oldtimer.de\/pl\/polityka-prywatnosci\/\" \/>\n<meta property=\"og:locale\" content=\"pl_PL\" \/>\n<meta property=\"og:type\" content=\"article\" \/>\n<meta property=\"og:title\" content=\"XYZ-Oldtimer.de | Datenschutzrichtlinie\" \/>\n<meta property=\"og:description\" content=\"Diese Datenschutzrichtlinie beschreibt die Grunds\u00e4tze der Verarbeitung Ihrer Informationen durch uns, einschlie\u00dflich personenbezogener Daten und...\" \/>\n<meta property=\"og:url\" content=\"https:\/\/xyz-oldtimer.de\/pl\/polityka-prywatnosci\/\" \/>\n<meta property=\"og:site_name\" content=\"XYZ Oldtimer\" \/>\n<meta property=\"article:modified_time\" content=\"2024-05-05T18:34:23+00:00\" \/>\n<meta name=\"twitter:card\" content=\"summary_large_image\" \/>\n<meta name=\"twitter:label1\" content=\"Szacowany czas czytania\" \/>\n\t<meta name=\"twitter:data1\" content=\"8 minut\" \/>\n<script type=\"application\/ld+json\" class=\"yoast-schema-graph\">{\"@context\":\"https:\/\/schema.org\",\"@graph\":[{\"@type\":\"WebPage\",\"@id\":\"https:\/\/xyz-oldtimer.de\/datenschutzrichtlinie\/\",\"url\":\"https:\/\/xyz-oldtimer.de\/datenschutzrichtlinie\/\",\"name\":\"XYZ-Oldtimer.de | Datenschutzrichtlinie\",\"isPartOf\":{\"@id\":\"https:\/\/xyz-oldtimer.de\/#website\"},\"datePublished\":\"2024-05-05T18:33:57+00:00\",\"dateModified\":\"2024-05-05T18:34:23+00:00\",\"breadcrumb\":{\"@id\":\"https:\/\/xyz-oldtimer.de\/datenschutzrichtlinie\/#breadcrumb\"},\"inLanguage\":\"pl-PL\",\"potentialAction\":[{\"@type\":\"ReadAction\",\"target\":[\"https:\/\/xyz-oldtimer.de\/datenschutzrichtlinie\/\"]}]},{\"@type\":\"BreadcrumbList\",\"@id\":\"https:\/\/xyz-oldtimer.de\/datenschutzrichtlinie\/#breadcrumb\",\"itemListElement\":[{\"@type\":\"ListItem\",\"position\":1,\"name\":\"Strona g\u0142\u00f3wna\",\"item\":\"https:\/\/xyz-oldtimer.de\/\"},{\"@type\":\"ListItem\",\"position\":2,\"name\":\"Datenschutzrichtlinie\"}]},{\"@type\":\"WebSite\",\"@id\":\"https:\/\/xyz-oldtimer.de\/#website\",\"url\":\"https:\/\/xyz-oldtimer.de\/\",\"name\":\"XYZ-Oldtimer.de\",\"description\":\"Ka\u017cdy remont doprowadzimy do ko\u0144ca.\",\"potentialAction\":[{\"@type\":\"SearchAction\",\"target\":{\"@type\":\"EntryPoint\",\"urlTemplate\":\"https:\/\/xyz-oldtimer.de\/?s={search_term_string}\"},\"query-input\":{\"@type\":\"PropertyValueSpecification\",\"valueRequired\":true,\"valueName\":\"search_term_string\"}}],\"inLanguage\":\"pl-PL\"}]}<\/script>\n<!-- \/ Yoast SEO plugin. -->","yoast_head_json":{"title":"XYZ-Oldtimer.de | Polityka prywatno\u015bci","robots":{"index":"index","follow":"follow","max-snippet":"max-snippet:-1","max-image-preview":"max-image-preview:large","max-video-preview":"max-video-preview:-1"},"canonical":"https:\/\/xyz-oldtimer.de\/pl\/polityka-prywatnosci\/","og_locale":"pl_PL","og_type":"article","og_title":"XYZ-Oldtimer.de | Datenschutzrichtlinie","og_description":"Diese Datenschutzrichtlinie beschreibt die Grunds\u00e4tze der Verarbeitung Ihrer Informationen durch uns, einschlie\u00dflich personenbezogener Daten und...","og_url":"https:\/\/xyz-oldtimer.de\/pl\/polityka-prywatnosci\/","og_site_name":"XYZ Oldtimer","article_modified_time":"2024-05-05T18:34:23+00:00","twitter_card":"summary_large_image","twitter_misc":{"Szacowany czas czytania":"8 minut"},"schema":{"@context":"https:\/\/schema.org","@graph":[{"@type":"WebPage","@id":"https:\/\/xyz-oldtimer.de\/datenschutzrichtlinie\/","url":"https:\/\/xyz-oldtimer.de\/datenschutzrichtlinie\/","name":"XYZ-Oldtimer.de | Polityka prywatno\u015bci","isPartOf":{"@id":"https:\/\/xyz-oldtimer.de\/#website"},"datePublished":"2024-05-05T18:33:57+00:00","dateModified":"2024-05-05T18:34:23+00:00","breadcrumb":{"@id":"https:\/\/xyz-oldtimer.de\/datenschutzrichtlinie\/#breadcrumb"},"inLanguage":"pl-PL","potentialAction":[{"@type":"ReadAction","target":["https:\/\/xyz-oldtimer.de\/datenschutzrichtlinie\/"]}]},{"@type":"BreadcrumbList","@id":"https:\/\/xyz-oldtimer.de\/datenschutzrichtlinie\/#breadcrumb","itemListElement":[{"@type":"ListItem","position":1,"name":"Strona g\u0142\u00f3wna","item":"https:\/\/xyz-oldtimer.de\/"},{"@type":"ListItem","position":2,"name":"Datenschutzrichtlinie"}]},{"@type":"WebSite","@id":"https:\/\/xyz-oldtimer.de\/#website","url":"https:\/\/xyz-oldtimer.de\/","name":"XYZ-Oldtimer.de","description":"Ka\u017cdy remont doprowadzimy do ko\u0144ca.","potentialAction":[{"@type":"SearchAction","target":{"@type":"EntryPoint","urlTemplate":"https:\/\/xyz-oldtimer.de\/?s={search_term_string}"},"query-input":{"@type":"PropertyValueSpecification","valueRequired":true,"valueName":"search_term_string"}}],"inLanguage":"pl-PL"}]}},"_links":{"self":[{"href":"https:\/\/xyz-oldtimer.de\/pl\/wp-json\/wp\/v2\/pages\/34566","targetHints":{"allow":["GET"]}}],"collection":[{"href":"https:\/\/xyz-oldtimer.de\/pl\/wp-json\/wp\/v2\/pages"}],"about":[{"href":"https:\/\/xyz-oldtimer.de\/pl\/wp-json\/wp\/v2\/types\/page"}],"author":[{"embeddable":true,"href":"https:\/\/xyz-oldtimer.de\/pl\/wp-json\/wp\/v2\/users\/1"}],"replies":[{"embeddable":true,"href":"https:\/\/xyz-oldtimer.de\/pl\/wp-json\/wp\/v2\/comments?post=34566"}],"version-history":[{"count":2,"href":"https:\/\/xyz-oldtimer.de\/pl\/wp-json\/wp\/v2\/pages\/34566\/revisions"}],"predecessor-version":[{"id":34568,"href":"https:\/\/xyz-oldtimer.de\/pl\/wp-json\/wp\/v2\/pages\/34566\/revisions\/34568"}],"wp:attachment":[{"href":"https:\/\/xyz-oldtimer.de\/pl\/wp-json\/wp\/v2\/media?parent=34566"}],"curies":[{"name":"wp","href":"https:\/\/api.w.org\/{rel}","templated":true}]}}